{"id":872,"date":"2022-12-01T17:45:46","date_gmt":"2022-12-01T17:45:46","guid":{"rendered":"https:\/\/liquidland.staging.excentric.id\/the-science-behind-nature\/a-sustentabilidade-esta-na-nossa-natureza\/"},"modified":"2023-01-06T14:30:35","modified_gmt":"2023-01-06T14:30:35","slug":"a-sustentabilidade-esta-na-nossa-natureza","status":"publish","type":"page","link":"https:\/\/liquid-land.com\/pt-pt\/a-ciencia-por-detras-da-natureza\/a-sustentabilidade-esta-na-nossa-natureza\/","title":{"rendered":"A Sustentabilidade est\u00e1 na nossa Natureza"},"content":{"rendered":"\n<p>A extra\u00e7\u00e3o do \u00f3leo de pinh\u00e3o \u00e9 completamente natural, respeitando a ess\u00eancia, integridade e propriedades do pinh\u00e3o e da Pinha do Mediterr\u00e2neo, com a utiliza\u00e7\u00e3o de elementos de forma ecol\u00f3gica e com uma pol\u00edtica de Zero Desperd\u00edcio.<\/p>\n","protected":false},"excerpt":{"rendered":"<p>A extra\u00e7\u00e3o do \u00f3leo de pinh\u00e3o \u00e9 completamente natural, respeitando a ess\u00eancia, integridade e propriedades do pinh\u00e3o e da Pinha do Mediterr\u00e2neo, com a utiliza\u00e7\u00e3o de elementos de forma ecol\u00f3gica e com uma pol\u00edtica de Zero Desperd\u00edcio.<\/p>\n","protected":false},"author":1,"featured_media":542,"parent":97,"menu_order":20,"comment_status":"closed","ping_status":"closed","template":"page-sustainability.blade.php","meta":{"_acf_changed":false,"footnotes":""},"class_list":["post-872","page","type-page","status-publish","has-post-thumbnail","hentry"],"acf":[],"_links":{"self":[{"href":"https:\/\/liquid-land.com\/pt-pt\/wp-json\/wp\/v2\/pages\/872","targetHints":{"allow":["GET"]}}],"collection":[{"href":"https:\/\/liquid-land.com\/pt-pt\/wp-json\/wp\/v2\/pages"}],"about":[{"href":"https:\/\/liquid-land.com\/pt-pt\/wp-json\/wp\/v2\/types\/page"}],"author":[{"embeddable":true,"href":"https:\/\/liquid-land.com\/pt-pt\/wp-json\/wp\/v2\/users\/1"}],"replies":[{"embeddable":true,"href":"https:\/\/liquid-land.com\/pt-pt\/wp-json\/wp\/v2\/comments?post=872"}],"version-history":[{"count":3,"href":"https:\/\/liquid-land.com\/pt-pt\/wp-json\/wp\/v2\/pages\/872\/revisions"}],"predecessor-version":[{"id":1106,"href":"https:\/\/liquid-land.com\/pt-pt\/wp-json\/wp\/v2\/pages\/872\/revisions\/1106"}],"up":[{"embeddable":true,"href":"https:\/\/liquid-land.com\/pt-pt\/wp-json\/wp\/v2\/pages\/97"}],"wp:featuredmedia":[{"embeddable":true,"href":"https:\/\/liquid-land.com\/pt-pt\/wp-json\/wp\/v2\/media\/542"}],"wp:attachment":[{"href":"https:\/\/liquid-land.com\/pt-pt\/wp-json\/wp\/v2\/media?parent=872"}],"curies":[{"name":"wp","href":"https:\/\/api.w.org\/{rel}","templated":true}]}}