{"id":874,"date":"2022-12-01T17:44:29","date_gmt":"2022-12-01T17:44:29","guid":{"rendered":"https:\/\/liquidland.staging.excentric.id\/the-science-behind-nature\/eficiencia-clinicamente-comprovada\/"},"modified":"2023-01-09T19:32:35","modified_gmt":"2023-01-09T19:32:35","slug":"eficacia-clinicamente-comprovada","status":"publish","type":"page","link":"https:\/\/liquid-land.com\/pt-pt\/a-ciencia-por-detras-da-natureza\/eficacia-clinicamente-comprovada\/","title":{"rendered":"Efic\u00e1cia Clinicamente Comprovada"},"content":{"rendered":"\n<p>O nosso \u00f3leo 100% natural foi testado e comprovado clinicamente nos testes reais efetuados com mulheres, no que toca ao aumento dos n\u00edveis de hidrata\u00e7\u00e3o da pele e na redu\u00e7\u00e3o da profundidade das rugas.<\/p>\n","protected":false},"excerpt":{"rendered":"<p>O nosso \u00f3leo 100% natural foi testado e comprovado clinicamente nos testes reais efetuados com mulheres, no que toca ao aumento dos n\u00edveis de hidrata\u00e7\u00e3o da pele e na redu\u00e7\u00e3o da profundidade das rugas.<\/p>\n","protected":false},"author":1,"featured_media":809,"parent":97,"menu_order":22,"comment_status":"closed","ping_status":"closed","template":"page-clinically-proven-efficacy.blade.php","meta":{"_acf_changed":false,"footnotes":""},"class_list":["post-874","page","type-page","status-publish","has-post-thumbnail","hentry"],"acf":[],"_links":{"self":[{"href":"https:\/\/liquid-land.com\/pt-pt\/wp-json\/wp\/v2\/pages\/874","targetHints":{"allow":["GET"]}}],"collection":[{"href":"https:\/\/liquid-land.com\/pt-pt\/wp-json\/wp\/v2\/pages"}],"about":[{"href":"https:\/\/liquid-land.com\/pt-pt\/wp-json\/wp\/v2\/types\/page"}],"author":[{"embeddable":true,"href":"https:\/\/liquid-land.com\/pt-pt\/wp-json\/wp\/v2\/users\/1"}],"replies":[{"embeddable":true,"href":"https:\/\/liquid-land.com\/pt-pt\/wp-json\/wp\/v2\/comments?post=874"}],"version-history":[{"count":7,"href":"https:\/\/liquid-land.com\/pt-pt\/wp-json\/wp\/v2\/pages\/874\/revisions"}],"predecessor-version":[{"id":1158,"href":"https:\/\/liquid-land.com\/pt-pt\/wp-json\/wp\/v2\/pages\/874\/revisions\/1158"}],"up":[{"embeddable":true,"href":"https:\/\/liquid-land.com\/pt-pt\/wp-json\/wp\/v2\/pages\/97"}],"wp:featuredmedia":[{"embeddable":true,"href":"https:\/\/liquid-land.com\/pt-pt\/wp-json\/wp\/v2\/media\/809"}],"wp:attachment":[{"href":"https:\/\/liquid-land.com\/pt-pt\/wp-json\/wp\/v2\/media?parent=874"}],"curies":[{"name":"wp","href":"https:\/\/api.w.org\/{rel}","templated":true}]}}