{"id":878,"date":"2022-12-01T17:46:29","date_gmt":"2022-12-01T17:46:29","guid":{"rendered":"https:\/\/liquidland.staging.excentric.id\/about-us\/a-nossa-historia\/"},"modified":"2023-01-06T14:35:24","modified_gmt":"2023-01-06T14:35:24","slug":"a-nossa-historia","status":"publish","type":"page","link":"https:\/\/liquid-land.com\/pt-pt\/sobre-nos\/a-nossa-historia\/","title":{"rendered":"A nossa Hist\u00f3ria"},"content":{"rendered":"\n<big class=\"text-2xl mb-5\">\u2018O princ\u00edpio\u2019<\/big>\n\n\n\n<p>A nossa hist\u00f3ria come\u00e7a a sul de Lisboa, numa zona pr\u00f3xima da Comporta e Carvalhal e muito perto do mar, com praias extensas e para\u00edsos naturais quase desertos. Nesta zona, a colheita do pinh\u00e3o \u00e9 uma pr\u00e1tica centen\u00e1ria e exclusiva, que considera a escassez desta p\u00e9rola da natureza.<\/p>\n","protected":false},"excerpt":{"rendered":"<p>\u2018O princ\u00edpio\u2019 A nossa hist\u00f3ria come\u00e7a a sul de Lisboa, numa zona pr\u00f3xima da Comporta e Carvalhal e muito perto do mar, com praias extensas e para\u00edsos naturais quase desertos. Nesta zona, a colheita do pinh\u00e3o \u00e9 uma pr\u00e1tica centen\u00e1ria e exclusiva, que considera a escassez desta p\u00e9rola da natureza.<\/p>\n","protected":false},"author":1,"featured_media":557,"parent":98,"menu_order":25,"comment_status":"closed","ping_status":"closed","template":"template-aboutus.blade.php","meta":{"_acf_changed":false,"footnotes":""},"class_list":["post-878","page","type-page","status-publish","has-post-thumbnail","hentry"],"acf":[],"_links":{"self":[{"href":"https:\/\/liquid-land.com\/pt-pt\/wp-json\/wp\/v2\/pages\/878","targetHints":{"allow":["GET"]}}],"collection":[{"href":"https:\/\/liquid-land.com\/pt-pt\/wp-json\/wp\/v2\/pages"}],"about":[{"href":"https:\/\/liquid-land.com\/pt-pt\/wp-json\/wp\/v2\/types\/page"}],"author":[{"embeddable":true,"href":"https:\/\/liquid-land.com\/pt-pt\/wp-json\/wp\/v2\/users\/1"}],"replies":[{"embeddable":true,"href":"https:\/\/liquid-land.com\/pt-pt\/wp-json\/wp\/v2\/comments?post=878"}],"version-history":[{"count":3,"href":"https:\/\/liquid-land.com\/pt-pt\/wp-json\/wp\/v2\/pages\/878\/revisions"}],"predecessor-version":[{"id":1108,"href":"https:\/\/liquid-land.com\/pt-pt\/wp-json\/wp\/v2\/pages\/878\/revisions\/1108"}],"up":[{"embeddable":true,"href":"https:\/\/liquid-land.com\/pt-pt\/wp-json\/wp\/v2\/pages\/98"}],"wp:featuredmedia":[{"embeddable":true,"href":"https:\/\/liquid-land.com\/pt-pt\/wp-json\/wp\/v2\/media\/557"}],"wp:attachment":[{"href":"https:\/\/liquid-land.com\/pt-pt\/wp-json\/wp\/v2\/media?parent=878"}],"curies":[{"name":"wp","href":"https:\/\/api.w.org\/{rel}","templated":true}]}}