{"id":880,"date":"2022-12-01T17:47:06","date_gmt":"2022-12-01T17:47:06","guid":{"rendered":"https:\/\/liquidland.staging.excentric.id\/about-us\/a-nossa-missao\/"},"modified":"2023-01-03T16:28:46","modified_gmt":"2023-01-03T16:28:46","slug":"a-nossa-missao","status":"publish","type":"page","link":"https:\/\/liquid-land.com\/pt-pt\/sobre-nos\/a-nossa-missao\/","title":{"rendered":"A nossa Miss\u00e3o"},"content":{"rendered":"\n<h2 class=\"wp-block-heading\">Raised by Nature<\/h2>\n\n<p>A nossa miss\u00e3o \u00e9 elevar a beleza natural de todas as pessoas, fornecendo cuidados de pele 100% org\u00e2nicos orientados para o desempenho que trazem o poder natural do ouro l\u00edquido da natureza \u00e0 sua pele, enquanto celebram a sustentabilidade do planeta.<\/p>\n","protected":false},"excerpt":{"rendered":"<p>Raised by Nature A nossa miss\u00e3o \u00e9 elevar a beleza natural de todas as pessoas, fornecendo cuidados de pele 100% org\u00e2nicos orientados para o desempenho que trazem o poder natural do ouro l\u00edquido da natureza \u00e0 sua pele, enquanto celebram a sustentabilidade do planeta.<\/p>\n","protected":false},"author":1,"featured_media":742,"parent":98,"menu_order":27,"comment_status":"closed","ping_status":"closed","template":"page-our-mission.blade.php","meta":{"_acf_changed":false,"footnotes":""},"class_list":["post-880","page","type-page","status-publish","has-post-thumbnail","hentry"],"acf":[],"_links":{"self":[{"href":"https:\/\/liquid-land.com\/pt-pt\/wp-json\/wp\/v2\/pages\/880","targetHints":{"allow":["GET"]}}],"collection":[{"href":"https:\/\/liquid-land.com\/pt-pt\/wp-json\/wp\/v2\/pages"}],"about":[{"href":"https:\/\/liquid-land.com\/pt-pt\/wp-json\/wp\/v2\/types\/page"}],"author":[{"embeddable":true,"href":"https:\/\/liquid-land.com\/pt-pt\/wp-json\/wp\/v2\/users\/1"}],"replies":[{"embeddable":true,"href":"https:\/\/liquid-land.com\/pt-pt\/wp-json\/wp\/v2\/comments?post=880"}],"version-history":[{"count":3,"href":"https:\/\/liquid-land.com\/pt-pt\/wp-json\/wp\/v2\/pages\/880\/revisions"}],"predecessor-version":[{"id":883,"href":"https:\/\/liquid-land.com\/pt-pt\/wp-json\/wp\/v2\/pages\/880\/revisions\/883"}],"up":[{"embeddable":true,"href":"https:\/\/liquid-land.com\/pt-pt\/wp-json\/wp\/v2\/pages\/98"}],"wp:featuredmedia":[{"embeddable":true,"href":"https:\/\/liquid-land.com\/pt-pt\/wp-json\/wp\/v2\/media\/742"}],"wp:attachment":[{"href":"https:\/\/liquid-land.com\/pt-pt\/wp-json\/wp\/v2\/media?parent=880"}],"curies":[{"name":"wp","href":"https:\/\/api.w.org\/{rel}","templated":true}]}}