{"id":885,"date":"2022-12-01T17:48:34","date_gmt":"2022-12-01T17:48:34","guid":{"rendered":"https:\/\/liquidland.staging.excentric.id\/about-us\/torne-se-um-embaixador-liquid-land\/"},"modified":"2023-01-05T12:40:29","modified_gmt":"2023-01-05T12:40:29","slug":"torne-se-um-embaixador-liquid-land","status":"publish","type":"page","link":"https:\/\/liquid-land.com\/pt-pt\/sobre-nos\/torne-se-um-embaixador-liquid-land\/","title":{"rendered":"Torne-se um Embaixador Liquid-Land"},"content":{"rendered":"\n<div class=\"wp-block-columns is-layout-flex wp-container-core-columns-is-layout-9d6595d7 wp-block-columns-is-layout-flex\">\n<div class=\"wp-block-column is-layout-flow wp-block-column-is-layout-flow\">\n<p>Aceite o convite e junte-se ao nosso programa de embaixadores, uma comunidade de criadores aut\u00eanticos que amam nossa marca e se relacionam com o nosso compromisso sustent\u00e1vel. Como embaixador da Liquid-Land, poder\u00e1 promover o nosso \u00f3leo de pinh\u00e3o na sua comunidade e plataformas de redes sociais.<\/p>\n\n\n\n<p>Inscreva-se abaixo e mostre-nos por que seremos bons parceiros. Quanto mais detalhes sobre a sua comunidade e outras colabora\u00e7\u00f5es, melhor.<\/p>\n\n\n\n<p>Iremos analisar o seu pedido e entraremos em contato com pormenores sobre a parceria.<\/p>\n<\/div>\n\n\n\n<div class=\"wp-block-column is-layout-flow wp-block-column-is-layout-flow\">\n<p><strong>Porqu\u00ea tornar-se Embaixador Liquid-Land?<\/strong><\/p>\n\n\n\n<ul class=\"wp-block-list\">\n<li>O nosso produto \u00e9 100% org\u00e2nico e com efic\u00e1cia clinicamente comprovada<\/li>\n\n\n\n<li>Se formos um bom fit, teremos todo o gosto em promov\u00ea-lo\/a nas nossas plataformas.<\/li>\n\n\n\n<li>Estaremos atentos para lhe oferecer presentes exclusivos<br>*Aplica\u00e7\u00e3o e aprova\u00e7\u00e3o necess\u00e1rias.<\/li>\n<\/ul>\n<\/div>\n<\/div>\n","protected":false},"excerpt":{"rendered":"<p>Aceite o convite e junte-se ao nosso programa de embaixadores, uma comunidade de criadores aut\u00eanticos que amam nossa marca e se relacionam com o nosso compromisso sustent\u00e1vel. Como embaixador da Liquid-Land, poder\u00e1 promover o nosso \u00f3leo de pinh\u00e3o na sua comunidade e plataformas de redes sociais. Inscreva-se abaixo e mostre-nos por que seremos bons parceiros. &hellip; <a href=\"https:\/\/liquid-land.com\/pt-pt\/sobre-nos\/torne-se-um-embaixador-liquid-land\/\">Continued<\/a><\/p>\n","protected":false},"author":1,"featured_media":0,"parent":98,"menu_order":31,"comment_status":"closed","ping_status":"closed","template":"page-become-a-liquid-land-ambassador.blade.php","meta":{"_acf_changed":false,"footnotes":""},"class_list":["post-885","page","type-page","status-publish","hentry"],"acf":[],"_links":{"self":[{"href":"https:\/\/liquid-land.com\/pt-pt\/wp-json\/wp\/v2\/pages\/885","targetHints":{"allow":["GET"]}}],"collection":[{"href":"https:\/\/liquid-land.com\/pt-pt\/wp-json\/wp\/v2\/pages"}],"about":[{"href":"https:\/\/liquid-land.com\/pt-pt\/wp-json\/wp\/v2\/types\/page"}],"author":[{"embeddable":true,"href":"https:\/\/liquid-land.com\/pt-pt\/wp-json\/wp\/v2\/users\/1"}],"replies":[{"embeddable":true,"href":"https:\/\/liquid-land.com\/pt-pt\/wp-json\/wp\/v2\/comments?post=885"}],"version-history":[{"count":2,"href":"https:\/\/liquid-land.com\/pt-pt\/wp-json\/wp\/v2\/pages\/885\/revisions"}],"predecessor-version":[{"id":1056,"href":"https:\/\/liquid-land.com\/pt-pt\/wp-json\/wp\/v2\/pages\/885\/revisions\/1056"}],"up":[{"embeddable":true,"href":"https:\/\/liquid-land.com\/pt-pt\/wp-json\/wp\/v2\/pages\/98"}],"wp:attachment":[{"href":"https:\/\/liquid-land.com\/pt-pt\/wp-json\/wp\/v2\/media?parent=885"}],"curies":[{"name":"wp","href":"https:\/\/api.w.org\/{rel}","templated":true}]}}