{"id":93,"date":"2022-11-14T21:19:28","date_gmt":"2022-11-14T21:19:28","guid":{"rendered":"https:\/\/liquidland.staging.excentric.id\/home-2\/"},"modified":"2023-01-06T16:15:06","modified_gmt":"2023-01-06T16:15:06","slug":"home-2","status":"publish","type":"page","link":"https:\/\/liquid-land.com\/pt-pt\/","title":{"rendered":"Home"},"content":{"rendered":"\n<h2 class=\"wp-block-heading\">O Ouro da Natureza,<br\/><strong>O \u00d3leo de Pinh\u00e3o<\/strong><\/h2>\n\n<p>O Pinh\u00e3o do Mediterr\u00e2neo (<em>Pinus Pinea<\/em>) cont\u00e9m 3 vezes mais prote\u00edna que qualquer outro tipo de pinh\u00e3o. Os ver\u00f5es quentes e invernos frios e h\u00famidos, assim como a proximidade ao mar, conferem a este super-alimento para a pele propriedades \u00fanicas, que exploramos de forma completamente inovadora.<br\/><\/p>\n\n<p>O \u00d3leo de Pinh\u00e3o Liquid-Land \u00e9 um poderoso antioxidante que refor\u00e7a as barreiras naturais da pele, protegendo-a contra agress\u00f5es externas, com as vitaminas E, B1, B2 e minerais, como pot\u00e1ssio, f\u00f3sforo e zinco.<br\/><\/p>\n\n<p>Adicionar produtos org\u00e2nicos \u00e0 sua rotina de cuidado do rosto poupa a sua pele aos ingredientes qu\u00edmicos indesejados, revelando tamb\u00e9m um cuidado especial com a natureza.<\/p>\n\n<p><a href=\"https:\/\/liquid-land.com\/pt-pt\/produto\/oleo-pinhao\/\" data-type=\"URL\" data-id=\"\/product\/pine-seed-oil\/\" class=\"btn hollow-btn mt-5\">Saber mais<\/a><\/p>\n\n<p><\/p>\n","protected":false},"excerpt":{"rendered":"<p>O Ouro da Natureza,O \u00d3leo de Pinh\u00e3o O Pinh\u00e3o do Mediterr\u00e2neo (Pinus Pinea) cont\u00e9m 3 vezes mais prote\u00edna que qualquer outro tipo de pinh\u00e3o. Os ver\u00f5es quentes e invernos frios e h\u00famidos, assim como a proximidade ao mar, conferem a este super-alimento para a pele propriedades \u00fanicas, que exploramos de forma completamente inovadora. O \u00d3leo &hellip; <a href=\"https:\/\/liquid-land.com\/pt-pt\/\">Continued<\/a><\/p>\n","protected":false},"author":1,"featured_media":791,"parent":0,"menu_order":6,"comment_status":"closed","ping_status":"closed","template":"","meta":{"_acf_changed":false,"footnotes":""},"class_list":["post-93","page","type-page","status-publish","has-post-thumbnail","hentry"],"acf":[],"_links":{"self":[{"href":"https:\/\/liquid-land.com\/pt-pt\/wp-json\/wp\/v2\/pages\/93","targetHints":{"allow":["GET"]}}],"collection":[{"href":"https:\/\/liquid-land.com\/pt-pt\/wp-json\/wp\/v2\/pages"}],"about":[{"href":"https:\/\/liquid-land.com\/pt-pt\/wp-json\/wp\/v2\/types\/page"}],"author":[{"embeddable":true,"href":"https:\/\/liquid-land.com\/pt-pt\/wp-json\/wp\/v2\/users\/1"}],"replies":[{"embeddable":true,"href":"https:\/\/liquid-land.com\/pt-pt\/wp-json\/wp\/v2\/comments?post=93"}],"version-history":[{"count":21,"href":"https:\/\/liquid-land.com\/pt-pt\/wp-json\/wp\/v2\/pages\/93\/revisions"}],"predecessor-version":[{"id":1126,"href":"https:\/\/liquid-land.com\/pt-pt\/wp-json\/wp\/v2\/pages\/93\/revisions\/1126"}],"wp:featuredmedia":[{"embeddable":true,"href":"https:\/\/liquid-land.com\/pt-pt\/wp-json\/wp\/v2\/media\/791"}],"wp:attachment":[{"href":"https:\/\/liquid-land.com\/pt-pt\/wp-json\/wp\/v2\/media?parent=93"}],"curies":[{"name":"wp","href":"https:\/\/api.w.org\/{rel}","templated":true}]}}