{"id":94,"date":"2022-11-15T12:29:47","date_gmt":"2022-11-15T12:29:47","guid":{"rendered":"https:\/\/liquidland.staging.excentric.id\/nurture-yourself\/"},"modified":"2023-01-06T14:20:23","modified_gmt":"2023-01-06T14:20:23","slug":"nurture-yourself","status":"publish","type":"page","link":"https:\/\/liquid-land.com\/pt-pt\/nurture-yourself\/","title":{"rendered":"Nutre<br> A Tua Natureza"},"content":{"rendered":"\n<p>Procuramos enaltecer o que a nossa natureza tem de melhor, seja nos seus valores, seja na sua ess\u00eancia, seja na sustentabilidade.<\/p>\n\n<p>Porque o nosso melhor est\u00e1 na nossa natureza.<br\/>A autenticidade, a ci\u00eancia, a sustentabilidade, cuidar est\u00e1 na nossa natureza.<\/p>\n\n<p>O nosso poder est\u00e1 na nossa natureza.<\/p>\n\n<p>Como tal, a nossa ess\u00eancia deve ser cuidada, deve ser alimentada, nutrida, acarinhada, valorizada, mimada!<\/p>\n\n<p>Encontre nesta \u00e1rea alguns artigos sobre como nutrir a nossa natureza. E a dos outros.<\/p>\n","protected":false},"excerpt":{"rendered":"<p>Procuramos enaltecer o que a nossa natureza tem de melhor, seja nos seus valores, seja na sua ess\u00eancia, seja na sustentabilidade. Porque o nosso melhor est\u00e1 na nossa natureza.A autenticidade, a ci\u00eancia, a sustentabilidade, cuidar est\u00e1 na nossa natureza. O nosso poder est\u00e1 na nossa natureza. Como tal, a nossa ess\u00eancia deve ser cuidada, deve &hellip; <a href=\"https:\/\/liquid-land.com\/pt-pt\/nurture-yourself\/\">Continued<\/a><\/p>\n","protected":false},"author":1,"featured_media":0,"parent":0,"menu_order":36,"comment_status":"closed","ping_status":"closed","template":"page-nurture-your-nature.blade.php","meta":{"_acf_changed":false,"footnotes":""},"class_list":["post-94","page","type-page","status-publish","hentry"],"acf":[],"_links":{"self":[{"href":"https:\/\/liquid-land.com\/pt-pt\/wp-json\/wp\/v2\/pages\/94","targetHints":{"allow":["GET"]}}],"collection":[{"href":"https:\/\/liquid-land.com\/pt-pt\/wp-json\/wp\/v2\/pages"}],"about":[{"href":"https:\/\/liquid-land.com\/pt-pt\/wp-json\/wp\/v2\/types\/page"}],"author":[{"embeddable":true,"href":"https:\/\/liquid-land.com\/pt-pt\/wp-json\/wp\/v2\/users\/1"}],"replies":[{"embeddable":true,"href":"https:\/\/liquid-land.com\/pt-pt\/wp-json\/wp\/v2\/comments?post=94"}],"version-history":[{"count":2,"href":"https:\/\/liquid-land.com\/pt-pt\/wp-json\/wp\/v2\/pages\/94\/revisions"}],"predecessor-version":[{"id":890,"href":"https:\/\/liquid-land.com\/pt-pt\/wp-json\/wp\/v2\/pages\/94\/revisions\/890"}],"wp:attachment":[{"href":"https:\/\/liquid-land.com\/pt-pt\/wp-json\/wp\/v2\/media?parent=94"}],"curies":[{"name":"wp","href":"https:\/\/api.w.org\/{rel}","templated":true}]}}