{"id":95,"date":"2022-11-15T12:28:48","date_gmt":"2022-11-15T12:28:48","guid":{"rendered":"https:\/\/liquidland.staging.excentric.id\/reviews\/"},"modified":"2023-01-03T17:00:20","modified_gmt":"2023-01-03T17:00:20","slug":"reviews","status":"publish","type":"page","link":"https:\/\/liquid-land.com\/pt-pt\/reviews\/","title":{"rendered":"Reviews"},"content":{"rendered":"\n<h1 class=\"page-title leading-none wp-block-heading\">Sinta o poder<br\/>de Liquid-Land<\/h1>\n\n<p class=\"my-10\">Efetu\u00e1mos um teste cl\u00ednico independente comprovando que a hidrata\u00e7\u00e3o aumentou significativamente e a profundidade das rugas foi substancialmente reduzida*.<\/p>\n","protected":false},"excerpt":{"rendered":"<p>Sinta o poderde Liquid-Land Efetu\u00e1mos um teste cl\u00ednico independente comprovando que a hidrata\u00e7\u00e3o aumentou significativamente e a profundidade das rugas foi substancialmente reduzida*.<\/p>\n","protected":false},"author":1,"featured_media":819,"parent":0,"menu_order":43,"comment_status":"closed","ping_status":"closed","template":"","meta":{"_acf_changed":false,"footnotes":""},"class_list":["post-95","page","type-page","status-publish","has-post-thumbnail","hentry"],"acf":[],"_links":{"self":[{"href":"https:\/\/liquid-land.com\/pt-pt\/wp-json\/wp\/v2\/pages\/95","targetHints":{"allow":["GET"]}}],"collection":[{"href":"https:\/\/liquid-land.com\/pt-pt\/wp-json\/wp\/v2\/pages"}],"about":[{"href":"https:\/\/liquid-land.com\/pt-pt\/wp-json\/wp\/v2\/types\/page"}],"author":[{"embeddable":true,"href":"https:\/\/liquid-land.com\/pt-pt\/wp-json\/wp\/v2\/users\/1"}],"replies":[{"embeddable":true,"href":"https:\/\/liquid-land.com\/pt-pt\/wp-json\/wp\/v2\/comments?post=95"}],"version-history":[{"count":2,"href":"https:\/\/liquid-land.com\/pt-pt\/wp-json\/wp\/v2\/pages\/95\/revisions"}],"predecessor-version":[{"id":900,"href":"https:\/\/liquid-land.com\/pt-pt\/wp-json\/wp\/v2\/pages\/95\/revisions\/900"}],"wp:featuredmedia":[{"embeddable":true,"href":"https:\/\/liquid-land.com\/pt-pt\/wp-json\/wp\/v2\/media\/819"}],"wp:attachment":[{"href":"https:\/\/liquid-land.com\/pt-pt\/wp-json\/wp\/v2\/media?parent=95"}],"curies":[{"name":"wp","href":"https:\/\/api.w.org\/{rel}","templated":true}]}}