{"id":1095,"date":"2022-11-21T15:43:33","date_gmt":"2022-11-21T15:43:33","guid":{"rendered":"https:\/\/liquidland.staging.excentric.id\/product\/oleo-de-pinhao\/"},"modified":"2023-01-09T19:19:41","modified_gmt":"2023-01-09T19:19:41","slug":"oleo-pinhao","status":"publish","type":"product","link":"https:\/\/liquid-land.com\/pt-pt\/produto\/oleo-pinhao\/","title":{"rendered":"\u00d3leo de Pinh\u00e3o"},"content":{"rendered":"<p>O poder exclusivo do ouro l\u00edquido da natureza, o \u00f3leo de pinh\u00e3o mediterr\u00e2nico, 100% natural e puro, que mant\u00e9m a hidrata\u00e7\u00e3o da pele do rosto e atenua a profundidade das rugas (com resultados vis\u00edveis em 28 dias), respeitando a naturalidade da pele e da natureza.<\/p>\n<p>O \u00d3leo de Pinh\u00e3o Liquid-Land \u00e9 um poderoso antioxidante que refor\u00e7a as barreiras naturais da pele, protegendo-a contra agress\u00f5es externas, com as vitaminas E, B1, B2 e minerais, como pot\u00e1ssio, f\u00f3sforo e zinco.<\/p>\n<p>Embora seja um \u00f3leo, a sua f\u00f3rmula foi desenvolvida para ter um acabamento n\u00e3o oleoso deixando a pele macia, hidratada e nutrida por muito tempo. A aplica\u00e7\u00e3o \u00e9 leve e pode ser usado mesmo no ver\u00e3o. Excelente absor\u00e7\u00e3o.<\/p>\n<p>Pode ser adicionado ao creme hidratante que utiliza habitualmente.<\/p>\n","protected":false},"excerpt":{"rendered":"<p>30ml<\/p>\n","protected":false},"featured_media":348,"comment_status":"open","ping_status":"closed","template":"","meta":{"_acf_changed":false},"product_brand":[],"product_cat":[67],"product_tag":[],"class_list":["post-1095","product","type-product","status-publish","has-post-thumbnail","hentry","product_cat-loja-online-pt-pt"],"acf":[],"_links":{"self":[{"href":"https:\/\/liquid-land.com\/pt-pt\/wp-json\/wp\/v2\/product\/1095","targetHints":{"allow":["GET"]}}],"collection":[{"href":"https:\/\/liquid-land.com\/pt-pt\/wp-json\/wp\/v2\/product"}],"about":[{"href":"https:\/\/liquid-land.com\/pt-pt\/wp-json\/wp\/v2\/types\/product"}],"replies":[{"embeddable":true,"href":"https:\/\/liquid-land.com\/pt-pt\/wp-json\/wp\/v2\/comments?post=1095"}],"wp:featuredmedia":[{"embeddable":true,"href":"https:\/\/liquid-land.com\/pt-pt\/wp-json\/wp\/v2\/media\/348"}],"wp:attachment":[{"href":"https:\/\/liquid-land.com\/pt-pt\/wp-json\/wp\/v2\/media?parent=1095"}],"wp:term":[{"taxonomy":"product_brand","embeddable":true,"href":"https:\/\/liquid-land.com\/pt-pt\/wp-json\/wp\/v2\/product_brand?post=1095"},{"taxonomy":"product_cat","embeddable":true,"href":"https:\/\/liquid-land.com\/pt-pt\/wp-json\/wp\/v2\/product_cat?post=1095"},{"taxonomy":"product_tag","embeddable":true,"href":"https:\/\/liquid-land.com\/pt-pt\/wp-json\/wp\/v2\/product_tag?post=1095"}],"curies":[{"name":"wp","href":"https:\/\/api.w.org\/{rel}","templated":true}]}}